{"id":27,"date":"2017-10-02T22:20:29","date_gmt":"2017-10-02T22:20:29","guid":{"rendered":"http:\/\/www.circulomedicobv.com.ar\/wp\/?page_id=27"},"modified":"2021-06-28T15:05:11","modified_gmt":"2021-06-28T15:05:11","slug":"links","status":"publish","type":"page","link":"http:\/\/circulomedicobv.com.ar\/wp\/links\/","title":{"rendered":"Links"},"content":{"rendered":"\t\t<div data-elementor-type=\"wp-page\" data-elementor-id=\"27\" class=\"elementor elementor-27\">\n\t\t\t\t\t\t<section class=\"elementor-section elementor-top-section elementor-element elementor-element-df1611f elementor-section-boxed elementor-section-height-default elementor-section-height-default\" data-id=\"df1611f\" data-element_type=\"section\">\n\t\t\t\t\t\t<div class=\"elementor-container elementor-column-gap-default\">\n\t\t\t\t\t<div class=\"elementor-column elementor-col-100 elementor-top-column elementor-element elementor-element-680da21\" data-id=\"680da21\" data-element_type=\"column\">\n\t\t\t<div class=\"elementor-widget-wrap elementor-element-populated\">\n\t\t\t\t\t\t<div class=\"elementor-element elementor-element-66d97ba elementor-widget elementor-widget-writing-effect-headline\" data-id=\"66d97ba\" data-element_type=\"widget\" data-widget_type=\"writing-effect-headline.default\">\n\t\t\t\t<div class=\"elementor-widget-container\">\n\t\t\t\t\t        <h1 class=\"futurio-extra-written-headline\" data-speed=\"50\" data-delay=\"1000\" data-loop=\"1\">\r\n        \r\n                    <span class=\"written-lines\">Links \u00fatiles<\/span>\r\n        \r\n                <\/h1>\r\n        \t\t\t\t<\/div>\n\t\t\t\t<\/div>\n\t\t\t\t<div class=\"elementor-element elementor-element-b1dd437 elementor-widget-divider--separator-type-pattern elementor-widget-divider--view-line elementor-widget elementor-widget-divider\" data-id=\"b1dd437\" data-element_type=\"widget\" data-widget_type=\"divider.default\">\n\t\t\t\t<div class=\"elementor-widget-container\">\n\t\t\t\t\t\t\t<div class=\"elementor-divider\" style=\"--divider-pattern-url: url(&quot;data:image\/svg+xml,%3Csvg xmlns=&#039;http:\/\/www.w3.org\/2000\/svg&#039; preserveAspectRatio=&#039;none&#039; overflow=&#039;visible&#039; height=&#039;100%&#039; viewBox=&#039;0 0 24 24&#039; fill=&#039;none&#039; stroke=&#039;black&#039; stroke-width=&#039;1&#039; stroke-linecap=&#039;square&#039; stroke-miterlimit=&#039;10&#039;%3E%3Cpath d=&#039;M0,6c6,0,6,13,12,13S18,6,24,6&#039;\/%3E%3C\/svg%3E&quot;);\">\n\t\t\t<span class=\"elementor-divider-separator\">\n\t\t\t\t\t\t<\/span>\n\t\t<\/div>\n\t\t\t\t\t\t<\/div>\n\t\t\t\t<\/div>\n\t\t\t\t\t<\/div>\n\t\t<\/div>\n\t\t\t\t\t<\/div>\n\t\t<\/section>\n\t\t\t\t<section class=\"elementor-section elementor-top-section elementor-element elementor-element-3d9029fa elementor-section-boxed elementor-section-height-default elementor-section-height-default\" data-id=\"3d9029fa\" data-element_type=\"section\">\n\t\t\t\t\t\t<div class=\"elementor-container elementor-column-gap-default\">\n\t\t\t\t\t<div class=\"elementor-column elementor-col-100 elementor-top-column elementor-element elementor-element-387730ea\" data-id=\"387730ea\" data-element_type=\"column\">\n\t\t\t<div class=\"elementor-widget-wrap elementor-element-populated\">\n\t\t\t\t\t\t<div class=\"elementor-element elementor-element-65f22479 elementor-widget elementor-widget-text-editor\" data-id=\"65f22479\" data-element_type=\"widget\" data-widget_type=\"text-editor.default\">\n\t\t\t\t<div class=\"elementor-widget-container\">\n\t\t\t\t\t\t\t\t\t<p>Consejo M\u00e9dico de la Provincia de C\u00f3rdoba |\u00a0<a href=\"http:\/\/www.cmpc.org.ar\/\" target=\"_blank\" rel=\"noopener\">http:\/\/www.cmpc.org.ar\/<\/a><\/p><p>Caja de Previsi\u00f3n Social de Profesionales de la Salud de la Provincia de C\u00f3rdoba |\u00a0<a href=\"http:\/\/www.cajasaludcba.org\/\" target=\"_blank\" rel=\"noopener\">http:\/\/www.cajasaludcba.org\/<\/a><\/p><p>Superintendencia de Servicios de Salud |\u00a0<a href=\"http:\/\/www.sssalud.gov.ar\/index\/home.php\" target=\"_blank\" rel=\"noopener\">http:\/\/www.sssalud.gov.ar\/index\/home.php<\/a><\/p><p>Organizaci\u00f3n Mundial de la Salud |\u00a0<a href=\"http:\/\/www.who.int\/es\/\" target=\"_blank\" rel=\"noopener\">http:\/\/www.who.int\/es\/<\/a><\/p><p>Organizaci\u00f3n Panamericana de la Salud (Arg) |\u00a0<a href=\"http:\/\/new.paho.org\/arg\/\" target=\"_blank\" rel=\"noopener\">http:\/\/new.paho.org\/arg\/<\/a><\/p><p>Sociedad Argentina de Pediatras |\u00a0<a href=\"http:\/\/www.sap.org.ar\/\" target=\"_blank\" rel=\"noopener\">http:\/\/www.sap.org.ar<\/a><\/p><p>Asociaci\u00f3n Argentina de Cirugia |\u00a0<a href=\"http:\/\/www.aac.org.ar\/\" target=\"_blank\" rel=\"noopener\">http:\/\/www.aac.org.ar\/<\/a><\/p><p>Sociedad Argentina de Radiolog\u00eda |\u00a0<a href=\"http:\/\/www.sar.org.ar\/web\/index.php\" target=\"_blank\" rel=\"noopener\">http:\/\/www.sar.org.ar\/web\/index.php<\/a><\/p><p>Sociedad de Radiolog\u00eda y Diagn\u00f3stico por Im\u00e1genes de la Provincia de C\u00f3rdoba |\u00a0<a href=\"http:\/\/www.sordic.org.ar\/\" target=\"_blank\" rel=\"noopener\">http:\/\/www.sordic.org.ar\/<\/a><\/p><p>Asociaci\u00f3n Argentina de Ortopedia y Traumatolog\u00eda |\u00a0<a href=\"http:\/\/www.aaot.org.ar\/index.php\" target=\"_blank\" rel=\"noopener\">http:\/\/www.aaot.org.ar\/index.php<\/a><\/p><p>Sociedad Argentina de Gastroenterolog\u00eda<a href=\"http:\/\/www.sage.org.ar\/\" target=\"_blank\" rel=\"noopener\">http:\/\/www.sage.org.ar\/<\/a><\/p><p>Asociaci\u00f3n de Anestesiologia, Analgesia y Reanimaci\u00f3n de C\u00f3rdoba |\u00a0<a href=\"http:\/\/www.adaarc.org.ar\/\" target=\"_blank\" rel=\"noopener\">http:\/\/www.adaarc.org.ar\/<\/a><\/p><p>Confederaci\u00f3n M\u00e9dica de la Rep\u00fablica Argentina |\u00a0<a href=\"http:\/\/www.comra.org.ar\/\" target=\"_blank\" rel=\"noopener\">http:\/\/www.comra.org.ar\/<\/a><\/p><p>PAMI |\u00a0<a href=\"http:\/\/www.pami.org.ar\/\" target=\"_blank\" rel=\"noopener\">http:\/\/www.pami.org.ar\/<\/a><\/p><p>APROSS |\u00a0<a href=\"http:\/\/www.apross.gov.ar\/\" target=\"_blank\" rel=\"noopener\">http:\/\/www.apross.gov.ar\/<\/a><\/p><p>Parque Salud |\u00a0<a href=\"http:\/\/www.parquesaludonline.com.ar\/\" target=\"_blank\" rel=\"noopener\">http:\/\/www.parquesaludonline.com.ar\/<\/a><\/p><p>Traditum |\u00a0<a href=\"http:\/\/www.traditum.com\/\" target=\"_blank\" rel=\"noopener\">http:\/\/www.traditum.com\/<\/a><\/p><p>Cames |\u00a0<a href=\"http:\/\/www.cames.com.ar\/\" target=\"_blank\" rel=\"noopener\">http:\/\/www.cames.com.ar\/<\/a><\/p><p>Conseo Profesional CIencias Econ\u00f3micas (autorizaciones) |\u00a0<a href=\"http:\/\/autorizaciones.cpcecba.org.ar\/\" target=\"_blank\" rel=\"noopener\">http:\/\/autorizaciones.cpcecba.org.ar\/<\/a><\/p><p>SMATA-OSPLAD-OSPAGA |\u00a0<a href=\"http:\/\/www.redab.com.ar\/\" target=\"_blank\" rel=\"noopener\">http:\/\/www.redab.com.ar\/<\/a><\/p><p>SUME SALUD |\u00a0<a href=\"http:\/\/www.sumesalud.com.ar\/\" target=\"_blank\" rel=\"noopener\">http:\/\/www.sumesalud.com.ar\/<\/a><\/p><p>Sancor Salud |\u00a0<a href=\"http:\/\/www.sancorsalud.com.ar\/\" target=\"_blank\" rel=\"noopener\">http:\/\/www.sancorsalud.com.ar\/<\/a><\/p><p>AFIP |\u00a0<a href=\"http:\/\/www.afip.gob.ar\/\" target=\"_blank\" rel=\"noopener\">http:\/\/www.afip.gob.ar\/<\/a><\/p><p>Gobierno de la Provincia de C\u00f3rdoba |\u00a0<a href=\"http:\/\/www.cba.gov.ar\/\" target=\"_blank\" rel=\"noopener\">http:\/\/www.cba.gov.ar\/<\/a><\/p>\t\t\t\t\t\t\t\t<\/div>\n\t\t\t\t<\/div>\n\t\t\t\t\t<\/div>\n\t\t<\/div>\n\t\t\t\t\t<\/div>\n\t\t<\/section>\n\t\t\t\t<\/div>\n\t\t","protected":false},"excerpt":{"rendered":"<p>Links \u00fatiles Consejo M\u00e9dico de la Provincia de C\u00f3rdoba |\u00a0http:\/\/www.cmpc.org.ar\/ Caja de Previsi\u00f3n Social de Profesionales de la Salud de la Provincia de C\u00f3rdoba |\u00a0http:\/\/www.cajasaludcba.org\/ Superintendencia de Servicios de Salud |\u00a0http:\/\/www.sssalud.gov.ar\/index\/home.php Organizaci\u00f3n Mundial de la Salud |\u00a0http:\/\/www.who.int\/es\/ Organizaci\u00f3n Panamericana de la Salud (Arg) |\u00a0http:\/\/new.paho.org\/arg\/ Sociedad Argentina de Pediatras |\u00a0http:\/\/www.sap.org.ar Asociaci\u00f3n Argentina de Cirugia |\u00a0http:\/\/www.aac.org.ar\/ Sociedad&hellip;<\/p>\n","protected":false},"author":3,"featured_media":0,"parent":0,"menu_order":0,"comment_status":"closed","ping_status":"closed","template":"","meta":{"footnotes":""},"class_list":["post-27","page","type-page","status-publish","hentry"],"_links":{"self":[{"href":"http:\/\/circulomedicobv.com.ar\/wp\/wp-json\/wp\/v2\/pages\/27","targetHints":{"allow":["GET"]}}],"collection":[{"href":"http:\/\/circulomedicobv.com.ar\/wp\/wp-json\/wp\/v2\/pages"}],"about":[{"href":"http:\/\/circulomedicobv.com.ar\/wp\/wp-json\/wp\/v2\/types\/page"}],"author":[{"embeddable":true,"href":"http:\/\/circulomedicobv.com.ar\/wp\/wp-json\/wp\/v2\/users\/3"}],"replies":[{"embeddable":true,"href":"http:\/\/circulomedicobv.com.ar\/wp\/wp-json\/wp\/v2\/comments?post=27"}],"version-history":[{"count":18,"href":"http:\/\/circulomedicobv.com.ar\/wp\/wp-json\/wp\/v2\/pages\/27\/revisions"}],"predecessor-version":[{"id":1799,"href":"http:\/\/circulomedicobv.com.ar\/wp\/wp-json\/wp\/v2\/pages\/27\/revisions\/1799"}],"wp:attachment":[{"href":"http:\/\/circulomedicobv.com.ar\/wp\/wp-json\/wp\/v2\/media?parent=27"}],"curies":[{"name":"wp","href":"https:\/\/api.w.org\/{rel}","templated":true}]}}